{"id":1387,"date":"2026-02-26T13:01:05","date_gmt":"2026-02-26T12:01:05","guid":{"rendered":"https:\/\/stamnesutleie.no\/jagd\/"},"modified":"2026-03-05T19:22:06","modified_gmt":"2026-03-05T18:22:06","slug":"jagd","status":"publish","type":"page","link":"https:\/\/stamnesutleie.no\/de\/jagd\/","title":{"rendered":"Jagd"},"content":{"rendered":"\t\t<div data-elementor-type=\"wp-page\" data-elementor-id=\"1387\" class=\"elementor elementor-1387 elementor-597\" data-elementor-post-type=\"page\">\n\t\t\t\t<div class=\"elementor-element elementor-element-16de5fb e-con-full e-flex e-con e-child\" data-id=\"16de5fb\" data-element_type=\"container\" data-e-type=\"container\">\n\t\t<div class=\"elementor-element elementor-element-1f37b30 e-con-full e-flex e-con e-child\" data-id=\"1f37b30\" data-element_type=\"container\" data-e-type=\"container\" data-settings=\"{&quot;background_background&quot;:&quot;classic&quot;}\">\n\t\t<div class=\"elementor-element elementor-element-105be3f e-con-full e-flex e-con e-child\" data-id=\"105be3f\" data-element_type=\"container\" data-e-type=\"container\">\n\t\t<div class=\"elementor-element elementor-element-04ddf41 e-con-full e-flex elementor-invisible e-con e-child\" data-id=\"04ddf41\" data-element_type=\"container\" data-e-type=\"container\" data-settings=\"{&quot;animation&quot;:&quot;fadeInLeft&quot;}\">\n\t\t\t\t<div class=\"elementor-element elementor-element-2c391d8 elementor-widget elementor-widget-elementskit-heading\" data-id=\"2c391d8\" data-element_type=\"widget\" data-e-type=\"widget\" data-widget_type=\"elementskit-heading.default\">\n\t\t\t\t\t<div class=\"ekit-wid-con\" ><div class=\"ekit-heading elementskit-section-title-wraper text_center   ekit_heading_tablet-text_center   ekit_heading_mobile-text_center\"><h1 class=\"ekit-heading--title elementskit-section-title \">Jagd<\/h1><\/div><\/div>\t\t\t\t<\/div>\n\t\t\t\t<\/div>\n\t\t\t\t<\/div>\n\t\t\t\t<\/div>\n\t\t\t\t<\/div>\n\t\t<div class=\"elementor-element elementor-element-ffeb7ce e-flex e-con-boxed e-con e-parent\" data-id=\"ffeb7ce\" data-element_type=\"container\" data-e-type=\"container\">\n\t\t\t\t\t<div class=\"e-con-inner\">\n\t\t<div class=\"elementor-element elementor-element-0f5387f e-con-full e-flex e-con e-child\" data-id=\"0f5387f\" data-element_type=\"container\" data-e-type=\"container\">\n\t\t<div class=\"elementor-element elementor-element-2053685 e-con-full e-flex e-con e-child\" data-id=\"2053685\" data-element_type=\"container\" data-e-type=\"container\">\n\t\t\t\t<div class=\"elementor-element elementor-element-b17c5dc elementor-invisible elementor-widget elementor-widget-elementskit-heading\" data-id=\"b17c5dc\" data-element_type=\"widget\" data-e-type=\"widget\" data-settings=\"{&quot;_animation&quot;:&quot;fadeIn&quot;}\" data-widget_type=\"elementskit-heading.default\">\n\t\t\t\t\t<div class=\"ekit-wid-con\" ><div class=\"ekit-heading elementskit-section-title-wraper text_center   ekit_heading_tablet-   ekit_heading_mobile-\"><div class=\"ekit-heading--title elementskit-section-title \">Jagd<\/div><\/div><\/div>\t\t\t\t<\/div>\n\t\t\t\t<div class=\"elementor-element elementor-element-7ae2541 elementor-widget__width-initial elementor-invisible elementor-widget elementor-widget-elementskit-heading\" data-id=\"7ae2541\" data-element_type=\"widget\" data-e-type=\"widget\" data-settings=\"{&quot;_animation&quot;:&quot;fadeInUp&quot;,&quot;_animation_delay&quot;:200}\" data-widget_type=\"elementskit-heading.default\">\n\t\t\t\t\t<div class=\"ekit-wid-con\" ><div class=\"ekit-heading elementskit-section-title-wraper text_center   ekit_heading_tablet-   ekit_heading_mobile-text_left\"><h2 class=\"ekit-heading--title elementskit-section-title \">Vermietung von Rehwild-Jagdlizenzen <span><span>- in Kombination mit H\u00fcttenmiete<\/span><\/span><\/h2><\/div><\/div>\t\t\t\t<\/div>\n\t\t\t\t<div class=\"elementor-element elementor-element-a5b6663 elementor-widget__width-initial elementor-invisible elementor-widget elementor-widget-text-editor\" data-id=\"a5b6663\" data-element_type=\"widget\" data-e-type=\"widget\" data-settings=\"{&quot;_animation&quot;:&quot;fadeInUp&quot;,&quot;_animation_delay&quot;:400}\" data-widget_type=\"text-editor.default\">\n\t\t\t\t\t\t\t\t\t<p>Verf\u00fcgbar ab 10. August <\/p><p>Rehwild-Jagdlizenzen werden in einem sehr guten und gut gef\u00fchrten Revier vermietet, mit einem dichten Rehwildbestand und gilt als eines der besten der Gemeinde. Das Revier bietet sehr gute Voraussetzungen f\u00fcr die Ansitzjagd sowohl auf Ackerland als auch im Wald, mit garantierten Schussm\u00f6glichkeiten. <\/p><p>Die Jagd wird in Kombination mit einer H\u00fctte im Revier angeboten, was einen einfachen Zugang und eine effektive Jagd erm\u00f6glicht.<\/p><p>Es gibt Zugang zu einem Schlachtplatz und K\u00fchlraum, sowie die M\u00f6glichkeit, ein Boot f\u00fcr ein komplettes Outdoor-Erlebnis in wundersch\u00f6ner Natur zu mieten.<\/p><p>Begrenzter Zugang \u2013 Preis nach Vereinbarung<\/p>\t\t\t\t\t\t\t\t<\/div>\n\t\t\t\t<div class=\"elementor-element elementor-element-192c877 elementor-widget elementor-widget-jkit_button\" data-id=\"192c877\" data-element_type=\"widget\" data-e-type=\"widget\" data-widget_type=\"jkit_button.default\">\n\t\t\t\t\t<div  class=\"jeg-elementor-kit jkit-button  icon-position-after jeg_module___69f126fb4e946\" ><a href=\"https:\/\/stamnesutleie.no\/kontakt\/\" class=\"jkit-button-wrapper\" target=\"_blank\">Kontaktiere uns<i aria-hidden=\"true\" class=\"icon icon-right-arrow\"><\/i><\/a><\/div>\t\t\t\t<\/div>\n\t\t\t\t<\/div>\n\t\t<div class=\"elementor-element elementor-element-011379a e-con-full e-flex e-con e-child\" data-id=\"011379a\" data-element_type=\"container\" data-e-type=\"container\" data-settings=\"{&quot;background_background&quot;:&quot;slideshow&quot;,&quot;background_slideshow_gallery&quot;:[{&quot;id&quot;:1308,&quot;url&quot;:&quot;https:\\\/\\\/stamnesutleie.no\\\/wp-content\\\/uploads\\\/2026\\\/03\\\/Bilde-1.jpg&quot;},{&quot;id&quot;:1309,&quot;url&quot;:&quot;https:\\\/\\\/stamnesutleie.no\\\/wp-content\\\/uploads\\\/2026\\\/03\\\/Bilde-2-scaled.jpg&quot;},{&quot;id&quot;:1310,&quot;url&quot;:&quot;https:\\\/\\\/stamnesutleie.no\\\/wp-content\\\/uploads\\\/2026\\\/03\\\/Bilde-3.jpg&quot;},{&quot;id&quot;:1311,&quot;url&quot;:&quot;https:\\\/\\\/stamnesutleie.no\\\/wp-content\\\/uploads\\\/2026\\\/03\\\/Bilde-4-scaled.jpg&quot;},{&quot;id&quot;:1312,&quot;url&quot;:&quot;https:\\\/\\\/stamnesutleie.no\\\/wp-content\\\/uploads\\\/2026\\\/03\\\/Bilde-5.jpg&quot;},{&quot;id&quot;:1313,&quot;url&quot;:&quot;https:\\\/\\\/stamnesutleie.no\\\/wp-content\\\/uploads\\\/2026\\\/03\\\/Bilde-6-scaled.jpg&quot;},{&quot;id&quot;:1314,&quot;url&quot;:&quot;https:\\\/\\\/stamnesutleie.no\\\/wp-content\\\/uploads\\\/2026\\\/03\\\/Bilde-7-scaled.jpg&quot;},{&quot;id&quot;:1315,&quot;url&quot;:&quot;https:\\\/\\\/stamnesutleie.no\\\/wp-content\\\/uploads\\\/2026\\\/03\\\/Bilde-8-scaled.jpg&quot;}],&quot;background_slideshow_loop&quot;:&quot;yes&quot;,&quot;background_slideshow_slide_duration&quot;:5000,&quot;background_slideshow_slide_transition&quot;:&quot;fade&quot;,&quot;background_slideshow_transition_duration&quot;:500}\">\n\t\t\t\t<\/div>\n\t\t\t\t<\/div>\n\t\t\t\t\t<\/div>\n\t\t\t\t<\/div>\n\t\t\t\t<\/div>\n\t\t","protected":false},"excerpt":{"rendered":"<p>Jagd Jagd Vermietung von Rehwild-Jagdlizenzen &#8211; in Kombination mit H\u00fcttenmiete Verf\u00fcgbar ab 10. August Rehwild-Jagdlizenzen werden in einem sehr guten und gut gef\u00fchrten Revier vermietet, mit einem dichten Rehwildbestand und gilt als eines der besten der Gemeinde. Das Revier bietet sehr gute Voraussetzungen f\u00fcr die Ansitzjagd sowohl auf Ackerland als auch im Wald, mit garantierten [&hellip;]<\/p>\n","protected":false},"author":2,"featured_media":0,"parent":0,"menu_order":0,"comment_status":"closed","ping_status":"closed","template":"","meta":{"_acf_changed":false,"footnotes":""},"class_list":["post-1387","page","type-page","status-publish","hentry"],"acf":[],"_links":{"self":[{"href":"https:\/\/stamnesutleie.no\/de\/wp-json\/wp\/v2\/pages\/1387","targetHints":{"allow":["GET"]}}],"collection":[{"href":"https:\/\/stamnesutleie.no\/de\/wp-json\/wp\/v2\/pages"}],"about":[{"href":"https:\/\/stamnesutleie.no\/de\/wp-json\/wp\/v2\/types\/page"}],"author":[{"embeddable":true,"href":"https:\/\/stamnesutleie.no\/de\/wp-json\/wp\/v2\/users\/2"}],"replies":[{"embeddable":true,"href":"https:\/\/stamnesutleie.no\/de\/wp-json\/wp\/v2\/comments?post=1387"}],"version-history":[{"count":1,"href":"https:\/\/stamnesutleie.no\/de\/wp-json\/wp\/v2\/pages\/1387\/revisions"}],"predecessor-version":[{"id":1388,"href":"https:\/\/stamnesutleie.no\/de\/wp-json\/wp\/v2\/pages\/1387\/revisions\/1388"}],"wp:attachment":[{"href":"https:\/\/stamnesutleie.no\/de\/wp-json\/wp\/v2\/media?parent=1387"}],"curies":[{"name":"wp","href":"https:\/\/api.w.org\/{rel}","templated":true}]}}